{"id":71,"date":"2021-03-26T22:36:49","date_gmt":"2021-03-26T21:36:49","guid":{"rendered":"http:\/\/www.pc-tekniker.dk\/wp\/?page_id=71"},"modified":"2023-02-03T06:15:00","modified_gmt":"2023-02-03T05:15:00","slug":"priser","status":"publish","type":"page","link":"http:\/\/www.pc-tekniker.dk\/wp\/priser\/","title":{"rendered":"Priser"},"content":{"rendered":"\n<p class=\"has-text-align-right\">Priser pr. 1\/1 2023<\/p>\n\n\n\n<p><strong>Hele landet<br><\/strong>Hvis computeren indleveres p\u00e5 min adresse i Ferritslev, har jeg en fastpris n\u00e6sten uanset hvad der skal laves.<br>Prisen for dette er 750 kr + evt. reservedele<br>(Kan evt. afhentes mod et till\u00e6g)<\/p>\n\n\n\n<p><strong>Odense \/ Midtfyn:<br><\/strong>Jeg k\u00f8rer ud til dig og l\u00f8ser dine IT problemer: 350 kr\/time<br>Till\u00e6g for resterende fyn pr gang: 200 kr<\/p>\n\n\n\n<p><strong>Skanderborg\/\u00c5rhus:<\/strong><br>Till\u00e6g for \u00d8stjylland pr gang: 200 kr<\/p>\n\n\n\n<p><strong>Sj\u00e6lland og Lolland\/Falster samt \u00f8vrige Jylland:<br><\/strong>Indhent tilbud (Afh\u00e6ngig af dato)<\/p>\n\n\n\n<p><strong>Webdesign:<br><\/strong>Ca. som denne hjemmeside 4500 kr + evt. till\u00e6g for design af logo<\/p>\n\n\n\n<p>Jeg er efter 2019 ikke momsregistret, s\u00e5 der till\u00e6gges ikke moms p\u00e5 regningen<\/p>\n","protected":false},"excerpt":{"rendered":"<p>Priser pr. 1\/1 2023 Hele landetHvis computeren indleveres p\u00e5 min adresse i Ferritslev, har jeg en fastpris n\u00e6sten uanset hvad der skal laves.Prisen for dette er 750 kr + evt. reservedele(Kan evt. afhentes mod et till\u00e6g) Odense \/ Midtfyn:Jeg k\u00f8rer &hellip; <a href=\"http:\/\/www.pc-tekniker.dk\/wp\/priser\/\">Continue reading <span class=\"meta-nav\">&rarr;<\/span><\/a><\/p>\n","protected":false},"author":1,"featured_media":0,"parent":0,"menu_order":0,"comment_status":"closed","ping_status":"closed","template":"","meta":[],"_links":{"self":[{"href":"http:\/\/www.pc-tekniker.dk\/wp\/wp-json\/wp\/v2\/pages\/71"}],"collection":[{"href":"http:\/\/www.pc-tekniker.dk\/wp\/wp-json\/wp\/v2\/pages"}],"about":[{"href":"http:\/\/www.pc-tekniker.dk\/wp\/wp-json\/wp\/v2\/types\/page"}],"author":[{"embeddable":true,"href":"http:\/\/www.pc-tekniker.dk\/wp\/wp-json\/wp\/v2\/users\/1"}],"replies":[{"embeddable":true,"href":"http:\/\/www.pc-tekniker.dk\/wp\/wp-json\/wp\/v2\/comments?post=71"}],"version-history":[{"count":4,"href":"http:\/\/www.pc-tekniker.dk\/wp\/wp-json\/wp\/v2\/pages\/71\/revisions"}],"predecessor-version":[{"id":201,"href":"http:\/\/www.pc-tekniker.dk\/wp\/wp-json\/wp\/v2\/pages\/71\/revisions\/201"}],"wp:attachment":[{"href":"http:\/\/www.pc-tekniker.dk\/wp\/wp-json\/wp\/v2\/media?parent=71"}],"curies":[{"name":"wp","href":"https:\/\/api.w.org\/{rel}","templated":true}]}}